{"id":46,"date":"2025-02-13T00:00:00","date_gmt":"2025-02-13T05:00:00","guid":{"rendered":"https:\/\/ryancv-demo.bslthemes.com\/?page_id=46"},"modified":"2025-02-16T20:46:00","modified_gmt":"2025-02-17T01:46:00","slug":"projects","status":"publish","type":"page","link":"https:\/\/dwtoledo.com\/pt\/projetos\/","title":{"rendered":"Projetos"},"content":{"rendered":"<div data-elementor-type=\"wp-page\" data-elementor-id=\"46\" class=\"elementor elementor-46\" data-elementor-post-type=\"page\">\n\t\t\t\t\t\t<section class=\"elementor-section elementor-top-section elementor-element elementor-element-ac1d9e3 elementor-section-full_width elementor-section-height-default elementor-section-height-default\" data-id=\"ac1d9e3\" data-element_type=\"section\">\n\t\t\t\t\t\t<div class=\"elementor-container elementor-column-gap-custom\">\n\t\t\t\t\t<div class=\"elementor-column elementor-col-100 elementor-top-column elementor-element elementor-element-4b380a8\" data-id=\"4b380a8\" data-element_type=\"column\">\n\t\t\t<div class=\"elementor-widget-wrap elementor-element-populated\">\n\t\t\t\t\t\t<div class=\"elementor-element elementor-element-c76d9fe elementor-widget elementor-widget-ryancv-heading-two\" data-id=\"c76d9fe\" data-element_type=\"widget\" data-widget_type=\"ryancv-heading-two.default\">\n\t\t\t\t<div class=\"elementor-widget-container\">\n\t\t\t\t\t\n\t\t<!-- Heading -->\n\t\t<div class=\"ar-sec-head\">\n\t\t\t\t\t\t<!-- subtitle -->\n\t\t\t<div class=\"ar-sub-title-icon\">\n\t\t\t\t\t\t\t\t<svg aria-hidden=\"true\" class=\"e-font-icon-svg e-fas-briefcase\" viewbox=\"0 0 512 512\" xmlns=\"http:\/\/www.w3.org\/2000\/svg\"><path d=\"M320 336c0 8.84-7.16 16-16 16h-96c-8.84 0-16-7.16-16-16v-48H0v144c0 25.6 22.4 48 48 48h416c25.6 0 48-22.4 48-48V288H320v48zm144-208h-80V80c0-25.6-22.4-48-48-48H176c-25.6 0-48 22.4-48 48v48H48c-25.6 0-48 22.4-48 48v80h512v-80c0-25.6-22.4-48-48-48zm-144 0H192V96h128v32z\"><\/path><\/svg>\t\t\t\t\t\t\t\t<span >Projetos<\/span>\n\t\t\t<\/div>\n\t\t\t\t\t\t\t\t\t<!-- title -->\n\t\t\t<h2 class=\"ar-title\">\n\t\t\t\t<span >Explore meu portf\u00f3lio:<\/span>\n\t\t\t<\/h2>\n\t\t\t\t\t<\/div>\n\n\t\t\t\t\t\t<\/div>\n\t\t\t\t<\/div>\n\t\t\t\t\t<\/div>\n\t\t<\/div>\n\t\t\t\t\t<\/div>\n\t\t<\/section>\n\t\t\t\t<section class=\"elementor-section elementor-top-section elementor-element elementor-element-c7d2f60 elementor-section-full_width elementor-section-height-default elementor-section-height-default\" data-id=\"c7d2f60\" data-element_type=\"section\">\n\t\t\t\t\t\t<div class=\"elementor-container elementor-column-gap-custom\">\n\t\t\t\t\t<div class=\"elementor-column elementor-col-100 elementor-top-column elementor-element elementor-element-be8798f\" data-id=\"be8798f\" data-element_type=\"column\">\n\t\t\t<div class=\"elementor-widget-wrap elementor-element-populated\">\n\t\t\t\t\t\t<div class=\"elementor-element elementor-element-4618309 elementor-widget elementor-widget-ryancv-portfolio\" data-id=\"4618309\" data-element_type=\"widget\" data-widget_type=\"ryancv-portfolio.default\">\n\t\t\t\t<div class=\"elementor-widget-container\">\n\t\t\t\t\t\n\t\t<!-- Works -->\n\t\t<div class=\"content works-grid works  works-minimal works-style-2 works-style-3 works-style-4\">\n\n\t\t\t\n\t\t\t\t\t\t<!-- filters -->\n\t\t\t<div class=\"filter-menu filter-button-group\">\n\t\t\t\t<div class=\"f_btn active\">\n\t\t\t\t\t<label><input type=\"radio\" name=\"fl_radio\" value=\".grid-item\" \/>Todos<\/label>\n\t\t\t\t<\/div>\n\t\t\t\t\t\t\t\t<div class=\"f_btn\">\n\t\t\t\t\t<label><input type=\"radio\" name=\"fl_radio\" data-cat-id=\"167\" value=\".f-professional\" \/>Profissional<\/label>\n\t\t\t\t<\/div>\n\t\t\t\t\t\t\t\t<div class=\"f_btn\">\n\t\t\t\t\t<label><input type=\"radio\" name=\"fl_radio\" data-cat-id=\"168\" value=\".f-personal\" \/>Pessoal<\/label>\n\t\t\t\t<\/div>\n\t\t\t\t\t\t\t\t<div class=\"f_btn\">\n\t\t\t\t\t<label><input type=\"radio\" name=\"fl_radio\" data-cat-id=\"159\" value=\".f-frontend\" \/>Front-end<\/label>\n\t\t\t\t<\/div>\n\t\t\t\t\t\t\t<\/div>\n\t\t\t\n\t\t\t\t\t\t<!-- content -->\n\t\t\t<div class=\"row grid-items border-line-v columns-2\">\n\n\t\t\t\t\n\n<!-- work item -->\n<div class=\"col col-d-6 col-t-6 col-m-12 border-line-h grid-item\">\n\t<div class=\"box-item\">\n\t\t<div class=\"image\">\n\t\t\t\t\t\t\t\t\t\t\t\t<a href=\"https:\/\/dwtoledo.com\/pt\/arquivo-de-portfolio\/caterpillar-cms\/\">\n\t\t\t\t\t\t<img fetchpriority=\"high\" decoding=\"async\" width=\"1200\" height=\"670\" src=\"https:\/\/dwtoledo.com\/wp-content\/uploads\/2025\/08\/caterpillar-1200.jpg\" class=\"attachment-ryancv_600xauto size-ryancv_600xauto wp-post-image\" alt=\"\" srcset=\"https:\/\/dwtoledo.com\/wp-content\/uploads\/2025\/08\/caterpillar-1200.jpg 1200w, https:\/\/dwtoledo.com\/wp-content\/uploads\/2025\/08\/caterpillar-1200-300x168.jpg 300w, https:\/\/dwtoledo.com\/wp-content\/uploads\/2025\/08\/caterpillar-1200-1024x572.jpg 1024w, https:\/\/dwtoledo.com\/wp-content\/uploads\/2025\/08\/caterpillar-1200-768x429.jpg 768w, https:\/\/dwtoledo.com\/wp-content\/uploads\/2025\/08\/caterpillar-1200-18x10.jpg 18w, https:\/\/dwtoledo.com\/wp-content\/uploads\/2025\/08\/caterpillar-1200-184x103.jpg 184w, https:\/\/dwtoledo.com\/wp-content\/uploads\/2025\/08\/caterpillar-1200-1180x660.jpg 1180w\" sizes=\"(max-width: 1200px) 100vw, 1200px\" \/>\t\t\t\t\t\t<span class=\"info\">\n\t\t\t\t\t\t\t<span class=\"ion ion-ios-plus-empty\"><\/span>\n\t\t\t\t\t\t<\/span>\n\t\t\t\t\t<\/a>\n\t\t\t\t\t\t\t\t\t<\/div>\n\t\t<div class=\"desc\">\n\t\t\t\t\t\t\t<a href=\"https:\/\/dwtoledo.com\/pt\/arquivo-de-portfolio\/caterpillar-cms\/\" class=\"name\">Projeto 3CON Caterpillar<\/a>\n\t\t\t\n\t\t\t\t\t<\/div>\n\n\t\t\t<\/div>\n<\/div>\n\n<!-- work item -->\n<div class=\"col col-d-6 col-t-6 col-m-12 border-line-h grid-item f-frontend f-professional\">\n\t<div class=\"box-item\">\n\t\t<div class=\"image\">\n\t\t\t\t\t\t\t\t\t\t\t\t<a href=\"https:\/\/dwtoledo.com\/pt\/arquivo-de-portfolio\/irc-melhorando-a-produtividade-do-suporte-de-campo\/\">\n\t\t\t\t\t\t<img decoding=\"async\" width=\"1200\" height=\"675\" src=\"https:\/\/dwtoledo.com\/wp-content\/uploads\/2025\/02\/anastassia-anufrieva-3yb7ZsaY0LY-unsplash-1200x675.jpg\" class=\"attachment-ryancv_600xauto size-ryancv_600xauto wp-post-image\" alt=\"\" srcset=\"https:\/\/dwtoledo.com\/wp-content\/uploads\/2025\/02\/anastassia-anufrieva-3yb7ZsaY0LY-unsplash-1200x675.jpg 1200w, https:\/\/dwtoledo.com\/wp-content\/uploads\/2025\/02\/anastassia-anufrieva-3yb7ZsaY0LY-unsplash-300x169.jpg 300w, https:\/\/dwtoledo.com\/wp-content\/uploads\/2025\/02\/anastassia-anufrieva-3yb7ZsaY0LY-unsplash-1024x576.jpg 1024w, https:\/\/dwtoledo.com\/wp-content\/uploads\/2025\/02\/anastassia-anufrieva-3yb7ZsaY0LY-unsplash-768x432.jpg 768w, https:\/\/dwtoledo.com\/wp-content\/uploads\/2025\/02\/anastassia-anufrieva-3yb7ZsaY0LY-unsplash-184x104.jpg 184w, https:\/\/dwtoledo.com\/wp-content\/uploads\/2025\/02\/anastassia-anufrieva-3yb7ZsaY0LY-unsplash.jpg 1280w\" sizes=\"(max-width: 1200px) 100vw, 1200px\" \/>\t\t\t\t\t\t<span class=\"info\">\n\t\t\t\t\t\t\t<span class=\"ion ion-ios-plus-empty\"><\/span>\n\t\t\t\t\t\t<\/span>\n\t\t\t\t\t<\/a>\n\t\t\t\t\t\t\t\t\t<\/div>\n\t\t<div class=\"desc\">\n\t\t\t\t\t\t\t<a href=\"https:\/\/dwtoledo.com\/pt\/arquivo-de-portfolio\/irc-melhorando-a-produtividade-do-suporte-de-campo\/\" class=\"name\">IRC - Melhorando a produtividade do suporte de campo<\/a>\n\t\t\t\n\t\t\t\t\t\t\t<div class=\"category\">Front-end, Profissional <\/div>\n\t\t\t\t\t<\/div>\n\n\t\t\t\t<div id=\"popup-82\" class=\"popup-box mfp-fade mfp-hide\">\n\t\t\t<div class=\"content\">\n\t\t\t\t<div class=\"preloader-popup\">\n\t\t\t\t\t<div class=\"centrize full-width\">\n\t\t\t\t\t\t<div class=\"vertical-center\">\n\t\t\t\t\t\t\t<div class=\"spinner default-circle\"><\/div>\n\t\t\t\t\t\t<\/div>\n\t\t\t\t\t<\/div>\n\t\t\t\t<\/div>\n\t\t\t<\/div>\n\t\t<\/div>\n\t\t\t<\/div>\n<\/div>\n\n<!-- work item -->\n<div class=\"col col-d-6 col-t-6 col-m-12 border-line-h grid-item f-frontend f-professional\">\n\t<div class=\"box-item\">\n\t\t<div class=\"image\">\n\t\t\t\t\t\t\t\t\t\t\t\t<a href=\"https:\/\/dwtoledo.com\/pt\/arquivo-de-portfolio\/plataforma-de-distribuicao-de-amostras-medicas-orientada-para-o-inicio-do-tratamento\/\">\n\t\t\t\t\t\t<img decoding=\"async\" width=\"1200\" height=\"675\" src=\"https:\/\/dwtoledo.com\/wp-content\/uploads\/2025\/02\/vlcsnap-2025-03-01-11h03m34s436-1200x675.jpg\" class=\"attachment-ryancv_600xauto size-ryancv_600xauto wp-post-image\" alt=\"\" srcset=\"https:\/\/dwtoledo.com\/wp-content\/uploads\/2025\/02\/vlcsnap-2025-03-01-11h03m34s436-1200x675.jpg 1200w, https:\/\/dwtoledo.com\/wp-content\/uploads\/2025\/02\/vlcsnap-2025-03-01-11h03m34s436-300x169.jpg 300w, https:\/\/dwtoledo.com\/wp-content\/uploads\/2025\/02\/vlcsnap-2025-03-01-11h03m34s436-1024x576.jpg 1024w, https:\/\/dwtoledo.com\/wp-content\/uploads\/2025\/02\/vlcsnap-2025-03-01-11h03m34s436-768x432.jpg 768w, https:\/\/dwtoledo.com\/wp-content\/uploads\/2025\/02\/vlcsnap-2025-03-01-11h03m34s436-184x104.jpg 184w, https:\/\/dwtoledo.com\/wp-content\/uploads\/2025\/02\/vlcsnap-2025-03-01-11h03m34s436.jpg 1280w\" sizes=\"(max-width: 1200px) 100vw, 1200px\" \/>\t\t\t\t\t\t<span class=\"info\">\n\t\t\t\t\t\t\t<span class=\"ion ion-ios-plus-empty\"><\/span>\n\t\t\t\t\t\t<\/span>\n\t\t\t\t\t<\/a>\n\t\t\t\t\t\t\t\t\t<\/div>\n\t\t<div class=\"desc\">\n\t\t\t\t\t\t\t<a href=\"https:\/\/dwtoledo.com\/pt\/arquivo-de-portfolio\/plataforma-de-distribuicao-de-amostras-medicas-orientada-para-o-inicio-do-tratamento\/\" class=\"name\">In\u00edcio do tratamento - Plataforma de distribui\u00e7\u00e3o de amostras m\u00e9dicas orientada<\/a>\n\t\t\t\n\t\t\t\t\t\t\t<div class=\"category\">Front-end, Profissional <\/div>\n\t\t\t\t\t<\/div>\n\n\t\t\t\t<div id=\"popup-225079\" class=\"popup-box mfp-fade mfp-hide\">\n\t\t\t<div class=\"content\">\n\t\t\t\t<div class=\"preloader-popup\">\n\t\t\t\t\t<div class=\"centrize full-width\">\n\t\t\t\t\t\t<div class=\"vertical-center\">\n\t\t\t\t\t\t\t<div class=\"spinner default-circle\"><\/div>\n\t\t\t\t\t\t<\/div>\n\t\t\t\t\t<\/div>\n\t\t\t\t<\/div>\n\t\t\t<\/div>\n\t\t<\/div>\n\t\t\t<\/div>\n<\/div>\n\n<!-- work item -->\n<div class=\"col col-d-6 col-t-6 col-m-12 border-line-h grid-item f-frontend f-professional\">\n\t<div class=\"box-item\">\n\t\t<div class=\"image\">\n\t\t\t\t\t\t\t\t\t\t\t\t<a href=\"https:\/\/dwtoledo.com\/pt\/arquivo-de-portfolio\/plataforma-omnichannel-de-branding-unificado-da-pharmalink-para-produtos-farmaceuticos-b2b\/\">\n\t\t\t\t\t\t<img loading=\"lazy\" decoding=\"async\" width=\"1200\" height=\"675\" src=\"https:\/\/dwtoledo.com\/wp-content\/uploads\/2025\/02\/Untitled-1-1-1200x675.jpg\" class=\"attachment-ryancv_600xauto size-ryancv_600xauto wp-post-image\" alt=\"\" srcset=\"https:\/\/dwtoledo.com\/wp-content\/uploads\/2025\/02\/Untitled-1-1-1200x675.jpg 1200w, https:\/\/dwtoledo.com\/wp-content\/uploads\/2025\/02\/Untitled-1-1-300x169.jpg 300w, https:\/\/dwtoledo.com\/wp-content\/uploads\/2025\/02\/Untitled-1-1-1024x576.jpg 1024w, https:\/\/dwtoledo.com\/wp-content\/uploads\/2025\/02\/Untitled-1-1-768x432.jpg 768w, https:\/\/dwtoledo.com\/wp-content\/uploads\/2025\/02\/Untitled-1-1-1536x864.jpg 1536w, https:\/\/dwtoledo.com\/wp-content\/uploads\/2025\/02\/Untitled-1-1-184x104.jpg 184w, https:\/\/dwtoledo.com\/wp-content\/uploads\/2025\/02\/Untitled-1-1.jpg 1920w\" sizes=\"(max-width: 1200px) 100vw, 1200px\" \/>\t\t\t\t\t\t<span class=\"info\">\n\t\t\t\t\t\t\t<span class=\"ion ion-ios-plus-empty\"><\/span>\n\t\t\t\t\t\t<\/span>\n\t\t\t\t\t<\/a>\n\t\t\t\t\t\t\t\t\t<\/div>\n\t\t<div class=\"desc\">\n\t\t\t\t\t\t\t<a href=\"https:\/\/dwtoledo.com\/pt\/arquivo-de-portfolio\/plataforma-omnichannel-de-branding-unificado-da-pharmalink-para-produtos-farmaceuticos-b2b\/\" class=\"name\">PharmaLink - Plataforma unificada de branding e omnicanal para produtos farmac\u00eauticos B2B<\/a>\n\t\t\t\n\t\t\t\t\t\t\t<div class=\"category\">Front-end, Profissional <\/div>\n\t\t\t\t\t<\/div>\n\n\t\t\t\t<div id=\"popup-225110\" class=\"popup-box mfp-fade mfp-hide\">\n\t\t\t<div class=\"content\">\n\t\t\t\t<div class=\"preloader-popup\">\n\t\t\t\t\t<div class=\"centrize full-width\">\n\t\t\t\t\t\t<div class=\"vertical-center\">\n\t\t\t\t\t\t\t<div class=\"spinner default-circle\"><\/div>\n\t\t\t\t\t\t<\/div>\n\t\t\t\t\t<\/div>\n\t\t\t\t<\/div>\n\t\t\t<\/div>\n\t\t<\/div>\n\t\t\t<\/div>\n<\/div>\n\n<!-- work item -->\n<div class=\"col col-d-6 col-t-6 col-m-12 border-line-h grid-item f-personal\">\n\t<div class=\"box-item\">\n\t\t<div class=\"image\">\n\t\t\t\t\t\t\t\t\t\t\t\t<a href=\"https:\/\/dwtoledo.com\/pt\/arquivo-de-portfolio\/viirotas-como-os-sensores-podem-tornar-as-compras-em-ambientes-fechados-acessiveis\/\">\n\t\t\t\t\t\t<img loading=\"lazy\" decoding=\"async\" width=\"1200\" height=\"820\" src=\"https:\/\/dwtoledo.com\/wp-content\/uploads\/2025\/02\/ProofofConcept-1200x820.jpg\" class=\"attachment-ryancv_600xauto size-ryancv_600xauto wp-post-image\" alt=\"\" srcset=\"https:\/\/dwtoledo.com\/wp-content\/uploads\/2025\/02\/ProofofConcept-1200x820.jpg 1200w, https:\/\/dwtoledo.com\/wp-content\/uploads\/2025\/02\/ProofofConcept-300x205.jpg 300w, https:\/\/dwtoledo.com\/wp-content\/uploads\/2025\/02\/ProofofConcept-1024x700.jpg 1024w, https:\/\/dwtoledo.com\/wp-content\/uploads\/2025\/02\/ProofofConcept-768x525.jpg 768w, https:\/\/dwtoledo.com\/wp-content\/uploads\/2025\/02\/ProofofConcept-184x126.jpg 184w, https:\/\/dwtoledo.com\/wp-content\/uploads\/2025\/02\/ProofofConcept.jpg 1280w\" sizes=\"(max-width: 1200px) 100vw, 1200px\" \/>\t\t\t\t\t\t<span class=\"info\">\n\t\t\t\t\t\t\t<span class=\"ion ion-ios-plus-empty\"><\/span>\n\t\t\t\t\t\t<\/span>\n\t\t\t\t\t<\/a>\n\t\t\t\t\t\t\t\t\t<\/div>\n\t\t<div class=\"desc\">\n\t\t\t\t\t\t\t<a href=\"https:\/\/dwtoledo.com\/pt\/arquivo-de-portfolio\/viirotas-como-os-sensores-podem-tornar-as-compras-em-ambientes-fechados-acessiveis\/\" class=\"name\">ViiRotas - Como os sensores podem tornar as compras em ambientes fechados acess\u00edveis<\/a>\n\t\t\t\n\t\t\t\t\t\t\t<div class=\"category\">Pessoal <\/div>\n\t\t\t\t\t<\/div>\n\n\t\t\t\t<div id=\"popup-225128\" class=\"popup-box mfp-fade mfp-hide\">\n\t\t\t<div class=\"content\">\n\t\t\t\t<div class=\"preloader-popup\">\n\t\t\t\t\t<div class=\"centrize full-width\">\n\t\t\t\t\t\t<div class=\"vertical-center\">\n\t\t\t\t\t\t\t<div class=\"spinner default-circle\"><\/div>\n\t\t\t\t\t\t<\/div>\n\t\t\t\t\t<\/div>\n\t\t\t\t<\/div>\n\t\t\t<\/div>\n\t\t<\/div>\n\t\t\t<\/div>\n<\/div>\n\n<!-- work item -->\n<div class=\"col col-d-6 col-t-6 col-m-12 border-line-h grid-item f-personal\">\n\t<div class=\"box-item\">\n\t\t<div class=\"image\">\n\t\t\t\t\t\t\t\t\t\t\t\t<a href=\"https:\/\/dwtoledo.com\/pt\/arquivo-de-portfolio\/sistema-de-comunicacao-viibus-para-pessoas-com-deficiencia-visual\/\">\n\t\t\t\t\t\t<img loading=\"lazy\" decoding=\"async\" width=\"1200\" height=\"675\" src=\"https:\/\/dwtoledo.com\/wp-content\/uploads\/2025\/02\/20180325_092502-2-1-1200x675.jpg\" class=\"attachment-ryancv_600xauto size-ryancv_600xauto wp-post-image\" alt=\"Equipamentos de prova de conceito (POC) do ViiBus desenvolvidos. Rio de Janeiro, Brasil - 2016.\" srcset=\"https:\/\/dwtoledo.com\/wp-content\/uploads\/2025\/02\/20180325_092502-2-1-1200x675.jpg 1200w, https:\/\/dwtoledo.com\/wp-content\/uploads\/2025\/02\/20180325_092502-2-1-300x169.jpg 300w, https:\/\/dwtoledo.com\/wp-content\/uploads\/2025\/02\/20180325_092502-2-1-1024x576.jpg 1024w, https:\/\/dwtoledo.com\/wp-content\/uploads\/2025\/02\/20180325_092502-2-1-768x432.jpg 768w, https:\/\/dwtoledo.com\/wp-content\/uploads\/2025\/02\/20180325_092502-2-1-1536x864.jpg 1536w, https:\/\/dwtoledo.com\/wp-content\/uploads\/2025\/02\/20180325_092502-2-1-184x104.jpg 184w, https:\/\/dwtoledo.com\/wp-content\/uploads\/2025\/02\/20180325_092502-2-1.jpg 1863w\" sizes=\"(max-width: 1200px) 100vw, 1200px\" \/>\t\t\t\t\t\t<span class=\"info\">\n\t\t\t\t\t\t\t<span class=\"ion ion-ios-plus-empty\"><\/span>\n\t\t\t\t\t\t<\/span>\n\t\t\t\t\t<\/a>\n\t\t\t\t\t\t\t\t\t<\/div>\n\t\t<div class=\"desc\">\n\t\t\t\t\t\t\t<a href=\"https:\/\/dwtoledo.com\/pt\/arquivo-de-portfolio\/sistema-de-comunicacao-viibus-para-pessoas-com-deficiencia-visual\/\" class=\"name\">ViiBus - Sistema de comunica\u00e7\u00e3o para pessoas com defici\u00eancia visual<\/a>\n\t\t\t\n\t\t\t\t\t\t\t<div class=\"category\">Pessoal <\/div>\n\t\t\t\t\t<\/div>\n\n\t\t\t\t<div id=\"popup-225153\" class=\"popup-box mfp-fade mfp-hide\">\n\t\t\t<div class=\"content\">\n\t\t\t\t<div class=\"preloader-popup\">\n\t\t\t\t\t<div class=\"centrize full-width\">\n\t\t\t\t\t\t<div class=\"vertical-center\">\n\t\t\t\t\t\t\t<div class=\"spinner default-circle\"><\/div>\n\t\t\t\t\t\t<\/div>\n\t\t\t\t\t<\/div>\n\t\t\t\t<\/div>\n\t\t\t<\/div>\n\t\t<\/div>\n\t\t\t<\/div>\n<\/div>\n\t\t\t\t<div class=\"clear\"><\/div>\n\t\t\t<\/div>\n\n\t\t\t\n\t\t\t\n\t\t\t\t\t\t<div class=\"bts bts-center\">\n\t\t\t\t<a class=\"lnk button load-more\" href=\"#\">Carregar mais<\/a>\n\t\t\t<\/div>\n\t\t\t\n\t\t\t\n\t\t\t\n\t\t<\/div>\n\n\t\t\t\t\t\t<\/div>\n\t\t\t\t<\/div>\n\t\t\t\t\t<\/div>\n\t\t<\/div>\n\t\t\t\t\t<\/div>\n\t\t<\/section>\n\t\t\t\t<\/div>","protected":false},"excerpt":{"rendered":"<p>Projects Explore my Portfolio: All Frontend Backend Improving Field Support Productivity with IRC solution Backend, Frontend Image Caption Generation TechNexts&#8230;<\/p>","protected":false},"author":1,"featured_media":0,"parent":0,"menu_order":0,"comment_status":"closed","ping_status":"closed","template":"template-elementor-builder.php","meta":{"_acf_changed":false,"footnotes":""},"class_list":["post-46","page","type-page","status-publish","hentry"],"acf":[],"_links":{"self":[{"href":"https:\/\/dwtoledo.com\/pt\/wp-json\/wp\/v2\/pages\/46","targetHints":{"allow":["GET"]}}],"collection":[{"href":"https:\/\/dwtoledo.com\/pt\/wp-json\/wp\/v2\/pages"}],"about":[{"href":"https:\/\/dwtoledo.com\/pt\/wp-json\/wp\/v2\/types\/page"}],"author":[{"embeddable":true,"href":"https:\/\/dwtoledo.com\/pt\/wp-json\/wp\/v2\/users\/1"}],"replies":[{"embeddable":true,"href":"https:\/\/dwtoledo.com\/pt\/wp-json\/wp\/v2\/comments?post=46"}],"version-history":[{"count":11,"href":"https:\/\/dwtoledo.com\/pt\/wp-json\/wp\/v2\/pages\/46\/revisions"}],"predecessor-version":[{"id":224998,"href":"https:\/\/dwtoledo.com\/pt\/wp-json\/wp\/v2\/pages\/46\/revisions\/224998"}],"wp:attachment":[{"href":"https:\/\/dwtoledo.com\/pt\/wp-json\/wp\/v2\/media?parent=46"}],"curies":[{"name":"wp","href":"https:\/\/api.w.org\/{rel}","templated":true}]}}