{"id":46,"date":"2025-02-13T00:00:00","date_gmt":"2025-02-13T05:00:00","guid":{"rendered":"https:\/\/ryancv-demo.bslthemes.com\/?page_id=46"},"modified":"2025-02-16T20:46:00","modified_gmt":"2025-02-17T01:46:00","slug":"projects","status":"publish","type":"page","link":"https:\/\/dwtoledo.com\/es\/proyectos\/","title":{"rendered":"Proyectos"},"content":{"rendered":"<div data-elementor-type=\"wp-page\" data-elementor-id=\"46\" class=\"elementor elementor-46\" data-elementor-post-type=\"page\">\n\t\t\t\t\t\t<section class=\"elementor-section elementor-top-section elementor-element elementor-element-ac1d9e3 elementor-section-full_width elementor-section-height-default elementor-section-height-default\" data-id=\"ac1d9e3\" data-element_type=\"section\">\n\t\t\t\t\t\t<div class=\"elementor-container elementor-column-gap-custom\">\n\t\t\t\t\t<div class=\"elementor-column elementor-col-100 elementor-top-column elementor-element elementor-element-4b380a8\" data-id=\"4b380a8\" data-element_type=\"column\">\n\t\t\t<div class=\"elementor-widget-wrap elementor-element-populated\">\n\t\t\t\t\t\t<div class=\"elementor-element elementor-element-c76d9fe elementor-widget elementor-widget-ryancv-heading-two\" data-id=\"c76d9fe\" data-element_type=\"widget\" data-widget_type=\"ryancv-heading-two.default\">\n\t\t\t\t<div class=\"elementor-widget-container\">\n\t\t\t\t\t\n\t\t<!-- Heading -->\n\t\t<div class=\"ar-sec-head\">\n\t\t\t\t\t\t<!-- subtitle -->\n\t\t\t<div class=\"ar-sub-title-icon\">\n\t\t\t\t\t\t\t\t<svg aria-hidden=\"true\" class=\"e-font-icon-svg e-fas-briefcase\" viewbox=\"0 0 512 512\" xmlns=\"http:\/\/www.w3.org\/2000\/svg\"><path d=\"M320 336c0 8.84-7.16 16-16 16h-96c-8.84 0-16-7.16-16-16v-48H0v144c0 25.6 22.4 48 48 48h416c25.6 0 48-22.4 48-48V288H320v48zm144-208h-80V80c0-25.6-22.4-48-48-48H176c-25.6 0-48 22.4-48 48v48H48c-25.6 0-48 22.4-48 48v80h512v-80c0-25.6-22.4-48-48-48zm-144 0H192V96h128v32z\"><\/path><\/svg>\t\t\t\t\t\t\t\t<span >Proyectos<\/span>\n\t\t\t<\/div>\n\t\t\t\t\t\t\t\t\t<!-- title -->\n\t\t\t<h2 class=\"ar-title\">\n\t\t\t\t<span >Explore mi cartera:<\/span>\n\t\t\t<\/h2>\n\t\t\t\t\t<\/div>\n\n\t\t\t\t\t\t<\/div>\n\t\t\t\t<\/div>\n\t\t\t\t\t<\/div>\n\t\t<\/div>\n\t\t\t\t\t<\/div>\n\t\t<\/section>\n\t\t\t\t<section class=\"elementor-section elementor-top-section elementor-element elementor-element-c7d2f60 elementor-section-full_width elementor-section-height-default elementor-section-height-default\" data-id=\"c7d2f60\" data-element_type=\"section\">\n\t\t\t\t\t\t<div class=\"elementor-container elementor-column-gap-custom\">\n\t\t\t\t\t<div class=\"elementor-column elementor-col-100 elementor-top-column elementor-element elementor-element-be8798f\" data-id=\"be8798f\" data-element_type=\"column\">\n\t\t\t<div class=\"elementor-widget-wrap elementor-element-populated\">\n\t\t\t\t\t\t<div class=\"elementor-element elementor-element-4618309 elementor-widget elementor-widget-ryancv-portfolio\" data-id=\"4618309\" data-element_type=\"widget\" data-widget_type=\"ryancv-portfolio.default\">\n\t\t\t\t<div class=\"elementor-widget-container\">\n\t\t\t\t\t\n\t\t<!-- Works -->\n\t\t<div class=\"content works-grid works  works-minimal works-style-2 works-style-3 works-style-4\">\n\n\t\t\t\n\t\t\t\t\t\t<!-- filters -->\n\t\t\t<div class=\"filter-menu filter-button-group\">\n\t\t\t\t<div class=\"f_btn active\">\n\t\t\t\t\t<label><input type=\"radio\" name=\"fl_radio\" value=\".grid-item\" \/>Todos<\/label>\n\t\t\t\t<\/div>\n\t\t\t\t\t\t\t\t<div class=\"f_btn\">\n\t\t\t\t\t<label><input type=\"radio\" name=\"fl_radio\" data-cat-id=\"167\" value=\".f-professional\" \/>Profesional<\/label>\n\t\t\t\t<\/div>\n\t\t\t\t\t\t\t\t<div class=\"f_btn\">\n\t\t\t\t\t<label><input type=\"radio\" name=\"fl_radio\" data-cat-id=\"168\" value=\".f-personal\" \/>Personal<\/label>\n\t\t\t\t<\/div>\n\t\t\t\t\t\t\t\t<div class=\"f_btn\">\n\t\t\t\t\t<label><input type=\"radio\" name=\"fl_radio\" data-cat-id=\"159\" value=\".f-frontend\" \/>Frontend<\/label>\n\t\t\t\t<\/div>\n\t\t\t\t\t\t\t<\/div>\n\t\t\t\n\t\t\t\t\t\t<!-- content -->\n\t\t\t<div class=\"row grid-items border-line-v columns-2\">\n\n\t\t\t\t\n\n<!-- work item -->\n<div class=\"col col-d-6 col-t-6 col-m-12 border-line-h grid-item\">\n\t<div class=\"box-item\">\n\t\t<div class=\"image\">\n\t\t\t\t\t\t\t\t\t\t\t\t<a href=\"https:\/\/dwtoledo.com\/es\/archivo-de-carteras\/oruga-cms\/\">\n\t\t\t\t\t\t<img fetchpriority=\"high\" decoding=\"async\" width=\"1200\" height=\"670\" src=\"https:\/\/dwtoledo.com\/wp-content\/uploads\/2025\/08\/caterpillar-1200.jpg\" class=\"attachment-ryancv_600xauto size-ryancv_600xauto wp-post-image\" alt=\"\" srcset=\"https:\/\/dwtoledo.com\/wp-content\/uploads\/2025\/08\/caterpillar-1200.jpg 1200w, https:\/\/dwtoledo.com\/wp-content\/uploads\/2025\/08\/caterpillar-1200-300x168.jpg 300w, https:\/\/dwtoledo.com\/wp-content\/uploads\/2025\/08\/caterpillar-1200-1024x572.jpg 1024w, https:\/\/dwtoledo.com\/wp-content\/uploads\/2025\/08\/caterpillar-1200-768x429.jpg 768w, https:\/\/dwtoledo.com\/wp-content\/uploads\/2025\/08\/caterpillar-1200-18x10.jpg 18w, https:\/\/dwtoledo.com\/wp-content\/uploads\/2025\/08\/caterpillar-1200-184x103.jpg 184w, https:\/\/dwtoledo.com\/wp-content\/uploads\/2025\/08\/caterpillar-1200-1180x660.jpg 1180w\" sizes=\"(max-width: 1200px) 100vw, 1200px\" \/>\t\t\t\t\t\t<span class=\"info\">\n\t\t\t\t\t\t\t<span class=\"ion ion-ios-plus-empty\"><\/span>\n\t\t\t\t\t\t<\/span>\n\t\t\t\t\t<\/a>\n\t\t\t\t\t\t\t\t\t<\/div>\n\t\t<div class=\"desc\">\n\t\t\t\t\t\t\t<a href=\"https:\/\/dwtoledo.com\/es\/archivo-de-carteras\/oruga-cms\/\" class=\"name\">Proyecto 3CON Caterpillar<\/a>\n\t\t\t\n\t\t\t\t\t<\/div>\n\n\t\t\t<\/div>\n<\/div>\n\n<!-- work item -->\n<div class=\"col col-d-6 col-t-6 col-m-12 border-line-h grid-item f-frontend f-professional\">\n\t<div class=\"box-item\">\n\t\t<div class=\"image\">\n\t\t\t\t\t\t\t\t\t\t\t\t<a href=\"https:\/\/dwtoledo.com\/es\/archivo-de-carteras\/irc-mejora-la-productividad-del-apoyo-sobre-el-terreno\/\">\n\t\t\t\t\t\t<img decoding=\"async\" width=\"1200\" height=\"675\" src=\"https:\/\/dwtoledo.com\/wp-content\/uploads\/2025\/02\/anastassia-anufrieva-3yb7ZsaY0LY-unsplash-1200x675.jpg\" class=\"attachment-ryancv_600xauto size-ryancv_600xauto wp-post-image\" alt=\"\" srcset=\"https:\/\/dwtoledo.com\/wp-content\/uploads\/2025\/02\/anastassia-anufrieva-3yb7ZsaY0LY-unsplash-1200x675.jpg 1200w, https:\/\/dwtoledo.com\/wp-content\/uploads\/2025\/02\/anastassia-anufrieva-3yb7ZsaY0LY-unsplash-300x169.jpg 300w, https:\/\/dwtoledo.com\/wp-content\/uploads\/2025\/02\/anastassia-anufrieva-3yb7ZsaY0LY-unsplash-1024x576.jpg 1024w, https:\/\/dwtoledo.com\/wp-content\/uploads\/2025\/02\/anastassia-anufrieva-3yb7ZsaY0LY-unsplash-768x432.jpg 768w, https:\/\/dwtoledo.com\/wp-content\/uploads\/2025\/02\/anastassia-anufrieva-3yb7ZsaY0LY-unsplash-184x104.jpg 184w, https:\/\/dwtoledo.com\/wp-content\/uploads\/2025\/02\/anastassia-anufrieva-3yb7ZsaY0LY-unsplash.jpg 1280w\" sizes=\"(max-width: 1200px) 100vw, 1200px\" \/>\t\t\t\t\t\t<span class=\"info\">\n\t\t\t\t\t\t\t<span class=\"ion ion-ios-plus-empty\"><\/span>\n\t\t\t\t\t\t<\/span>\n\t\t\t\t\t<\/a>\n\t\t\t\t\t\t\t\t\t<\/div>\n\t\t<div class=\"desc\">\n\t\t\t\t\t\t\t<a href=\"https:\/\/dwtoledo.com\/es\/archivo-de-carteras\/irc-mejora-la-productividad-del-apoyo-sobre-el-terreno\/\" class=\"name\">IRC - Mejora de la productividad del apoyo sobre el terreno<\/a>\n\t\t\t\n\t\t\t\t\t\t\t<div class=\"category\">Frontend, Profesional <\/div>\n\t\t\t\t\t<\/div>\n\n\t\t\t\t<div id=\"popup-82\" class=\"popup-box mfp-fade mfp-hide\">\n\t\t\t<div class=\"content\">\n\t\t\t\t<div class=\"preloader-popup\">\n\t\t\t\t\t<div class=\"centrize full-width\">\n\t\t\t\t\t\t<div class=\"vertical-center\">\n\t\t\t\t\t\t\t<div class=\"spinner default-circle\"><\/div>\n\t\t\t\t\t\t<\/div>\n\t\t\t\t\t<\/div>\n\t\t\t\t<\/div>\n\t\t\t<\/div>\n\t\t<\/div>\n\t\t\t<\/div>\n<\/div>\n\n<!-- work item -->\n<div class=\"col col-d-6 col-t-6 col-m-12 border-line-h grid-item f-frontend f-professional\">\n\t<div class=\"box-item\">\n\t\t<div class=\"image\">\n\t\t\t\t\t\t\t\t\t\t\t\t<a href=\"https:\/\/dwtoledo.com\/es\/archivo-de-carteras\/plataforma-de-distribucion-de-muestras-medicas-impulsada-por-el-inicio-del-tratamiento\/\">\n\t\t\t\t\t\t<img decoding=\"async\" width=\"1200\" height=\"675\" src=\"https:\/\/dwtoledo.com\/wp-content\/uploads\/2025\/02\/vlcsnap-2025-03-01-11h03m34s436-1200x675.jpg\" class=\"attachment-ryancv_600xauto size-ryancv_600xauto wp-post-image\" alt=\"\" srcset=\"https:\/\/dwtoledo.com\/wp-content\/uploads\/2025\/02\/vlcsnap-2025-03-01-11h03m34s436-1200x675.jpg 1200w, https:\/\/dwtoledo.com\/wp-content\/uploads\/2025\/02\/vlcsnap-2025-03-01-11h03m34s436-300x169.jpg 300w, https:\/\/dwtoledo.com\/wp-content\/uploads\/2025\/02\/vlcsnap-2025-03-01-11h03m34s436-1024x576.jpg 1024w, https:\/\/dwtoledo.com\/wp-content\/uploads\/2025\/02\/vlcsnap-2025-03-01-11h03m34s436-768x432.jpg 768w, https:\/\/dwtoledo.com\/wp-content\/uploads\/2025\/02\/vlcsnap-2025-03-01-11h03m34s436-184x104.jpg 184w, https:\/\/dwtoledo.com\/wp-content\/uploads\/2025\/02\/vlcsnap-2025-03-01-11h03m34s436.jpg 1280w\" sizes=\"(max-width: 1200px) 100vw, 1200px\" \/>\t\t\t\t\t\t<span class=\"info\">\n\t\t\t\t\t\t\t<span class=\"ion ion-ios-plus-empty\"><\/span>\n\t\t\t\t\t\t<\/span>\n\t\t\t\t\t<\/a>\n\t\t\t\t\t\t\t\t\t<\/div>\n\t\t<div class=\"desc\">\n\t\t\t\t\t\t\t<a href=\"https:\/\/dwtoledo.com\/es\/archivo-de-carteras\/plataforma-de-distribucion-de-muestras-medicas-impulsada-por-el-inicio-del-tratamiento\/\" class=\"name\">Plataforma de distribuci\u00f3n de muestras m\u00e9dicas para el inicio del tratamiento<\/a>\n\t\t\t\n\t\t\t\t\t\t\t<div class=\"category\">Frontend, Profesional <\/div>\n\t\t\t\t\t<\/div>\n\n\t\t\t\t<div id=\"popup-225079\" class=\"popup-box mfp-fade mfp-hide\">\n\t\t\t<div class=\"content\">\n\t\t\t\t<div class=\"preloader-popup\">\n\t\t\t\t\t<div class=\"centrize full-width\">\n\t\t\t\t\t\t<div class=\"vertical-center\">\n\t\t\t\t\t\t\t<div class=\"spinner default-circle\"><\/div>\n\t\t\t\t\t\t<\/div>\n\t\t\t\t\t<\/div>\n\t\t\t\t<\/div>\n\t\t\t<\/div>\n\t\t<\/div>\n\t\t\t<\/div>\n<\/div>\n\n<!-- work item -->\n<div class=\"col col-d-6 col-t-6 col-m-12 border-line-h grid-item f-frontend f-professional\">\n\t<div class=\"box-item\">\n\t\t<div class=\"image\">\n\t\t\t\t\t\t\t\t\t\t\t\t<a href=\"https:\/\/dwtoledo.com\/es\/archivo-de-carteras\/pharmalink-plataforma-omnicanal-de-marca-unificada-para-productos-farmaceuticos-b2b\/\">\n\t\t\t\t\t\t<img loading=\"lazy\" decoding=\"async\" width=\"1200\" height=\"675\" src=\"https:\/\/dwtoledo.com\/wp-content\/uploads\/2025\/02\/Untitled-1-1-1200x675.jpg\" class=\"attachment-ryancv_600xauto size-ryancv_600xauto wp-post-image\" alt=\"\" srcset=\"https:\/\/dwtoledo.com\/wp-content\/uploads\/2025\/02\/Untitled-1-1-1200x675.jpg 1200w, https:\/\/dwtoledo.com\/wp-content\/uploads\/2025\/02\/Untitled-1-1-300x169.jpg 300w, https:\/\/dwtoledo.com\/wp-content\/uploads\/2025\/02\/Untitled-1-1-1024x576.jpg 1024w, https:\/\/dwtoledo.com\/wp-content\/uploads\/2025\/02\/Untitled-1-1-768x432.jpg 768w, https:\/\/dwtoledo.com\/wp-content\/uploads\/2025\/02\/Untitled-1-1-1536x864.jpg 1536w, https:\/\/dwtoledo.com\/wp-content\/uploads\/2025\/02\/Untitled-1-1-184x104.jpg 184w, https:\/\/dwtoledo.com\/wp-content\/uploads\/2025\/02\/Untitled-1-1.jpg 1920w\" sizes=\"(max-width: 1200px) 100vw, 1200px\" \/>\t\t\t\t\t\t<span class=\"info\">\n\t\t\t\t\t\t\t<span class=\"ion ion-ios-plus-empty\"><\/span>\n\t\t\t\t\t\t<\/span>\n\t\t\t\t\t<\/a>\n\t\t\t\t\t\t\t\t\t<\/div>\n\t\t<div class=\"desc\">\n\t\t\t\t\t\t\t<a href=\"https:\/\/dwtoledo.com\/es\/archivo-de-carteras\/pharmalink-plataforma-omnicanal-de-marca-unificada-para-productos-farmaceuticos-b2b\/\" class=\"name\">PharmaLink - Marca unificada y plataforma omnicanal para productos farmac\u00e9uticos B2B<\/a>\n\t\t\t\n\t\t\t\t\t\t\t<div class=\"category\">Frontend, Profesional <\/div>\n\t\t\t\t\t<\/div>\n\n\t\t\t\t<div id=\"popup-225110\" class=\"popup-box mfp-fade mfp-hide\">\n\t\t\t<div class=\"content\">\n\t\t\t\t<div class=\"preloader-popup\">\n\t\t\t\t\t<div class=\"centrize full-width\">\n\t\t\t\t\t\t<div class=\"vertical-center\">\n\t\t\t\t\t\t\t<div class=\"spinner default-circle\"><\/div>\n\t\t\t\t\t\t<\/div>\n\t\t\t\t\t<\/div>\n\t\t\t\t<\/div>\n\t\t\t<\/div>\n\t\t<\/div>\n\t\t\t<\/div>\n<\/div>\n\n<!-- work item -->\n<div class=\"col col-d-6 col-t-6 col-m-12 border-line-h grid-item f-personal\">\n\t<div class=\"box-item\">\n\t\t<div class=\"image\">\n\t\t\t\t\t\t\t\t\t\t\t\t<a href=\"https:\/\/dwtoledo.com\/es\/archivo-de-carteras\/viirotas-como-los-sensores-pueden-hacer-accesibles-las-compras-en-interiores\/\">\n\t\t\t\t\t\t<img loading=\"lazy\" decoding=\"async\" width=\"1200\" height=\"820\" src=\"https:\/\/dwtoledo.com\/wp-content\/uploads\/2025\/02\/ProofofConcept-1200x820.jpg\" class=\"attachment-ryancv_600xauto size-ryancv_600xauto wp-post-image\" alt=\"\" srcset=\"https:\/\/dwtoledo.com\/wp-content\/uploads\/2025\/02\/ProofofConcept-1200x820.jpg 1200w, https:\/\/dwtoledo.com\/wp-content\/uploads\/2025\/02\/ProofofConcept-300x205.jpg 300w, https:\/\/dwtoledo.com\/wp-content\/uploads\/2025\/02\/ProofofConcept-1024x700.jpg 1024w, https:\/\/dwtoledo.com\/wp-content\/uploads\/2025\/02\/ProofofConcept-768x525.jpg 768w, https:\/\/dwtoledo.com\/wp-content\/uploads\/2025\/02\/ProofofConcept-184x126.jpg 184w, https:\/\/dwtoledo.com\/wp-content\/uploads\/2025\/02\/ProofofConcept.jpg 1280w\" sizes=\"(max-width: 1200px) 100vw, 1200px\" \/>\t\t\t\t\t\t<span class=\"info\">\n\t\t\t\t\t\t\t<span class=\"ion ion-ios-plus-empty\"><\/span>\n\t\t\t\t\t\t<\/span>\n\t\t\t\t\t<\/a>\n\t\t\t\t\t\t\t\t\t<\/div>\n\t\t<div class=\"desc\">\n\t\t\t\t\t\t\t<a href=\"https:\/\/dwtoledo.com\/es\/archivo-de-carteras\/viirotas-como-los-sensores-pueden-hacer-accesibles-las-compras-en-interiores\/\" class=\"name\">ViiRotas - C\u00f3mo los sensores pueden hacer accesibles las compras en interiores<\/a>\n\t\t\t\n\t\t\t\t\t\t\t<div class=\"category\">Personal <\/div>\n\t\t\t\t\t<\/div>\n\n\t\t\t\t<div id=\"popup-225128\" class=\"popup-box mfp-fade mfp-hide\">\n\t\t\t<div class=\"content\">\n\t\t\t\t<div class=\"preloader-popup\">\n\t\t\t\t\t<div class=\"centrize full-width\">\n\t\t\t\t\t\t<div class=\"vertical-center\">\n\t\t\t\t\t\t\t<div class=\"spinner default-circle\"><\/div>\n\t\t\t\t\t\t<\/div>\n\t\t\t\t\t<\/div>\n\t\t\t\t<\/div>\n\t\t\t<\/div>\n\t\t<\/div>\n\t\t\t<\/div>\n<\/div>\n\n<!-- work item -->\n<div class=\"col col-d-6 col-t-6 col-m-12 border-line-h grid-item f-personal\">\n\t<div class=\"box-item\">\n\t\t<div class=\"image\">\n\t\t\t\t\t\t\t\t\t\t\t\t<a href=\"https:\/\/dwtoledo.com\/es\/archivo-de-carteras\/sistema-de-comunicacion-viibus-para-personas-con-discapacidad-visual\/\">\n\t\t\t\t\t\t<img loading=\"lazy\" decoding=\"async\" width=\"1200\" height=\"675\" src=\"https:\/\/dwtoledo.com\/wp-content\/uploads\/2025\/02\/20180325_092502-2-1-1200x675.jpg\" class=\"attachment-ryancv_600xauto size-ryancv_600xauto wp-post-image\" alt=\"Equipos ViiBus de prueba de concepto (POC) desarrollados. R\u00edo de Janeiro, Brasil - 2016.\" srcset=\"https:\/\/dwtoledo.com\/wp-content\/uploads\/2025\/02\/20180325_092502-2-1-1200x675.jpg 1200w, https:\/\/dwtoledo.com\/wp-content\/uploads\/2025\/02\/20180325_092502-2-1-300x169.jpg 300w, https:\/\/dwtoledo.com\/wp-content\/uploads\/2025\/02\/20180325_092502-2-1-1024x576.jpg 1024w, https:\/\/dwtoledo.com\/wp-content\/uploads\/2025\/02\/20180325_092502-2-1-768x432.jpg 768w, https:\/\/dwtoledo.com\/wp-content\/uploads\/2025\/02\/20180325_092502-2-1-1536x864.jpg 1536w, https:\/\/dwtoledo.com\/wp-content\/uploads\/2025\/02\/20180325_092502-2-1-184x104.jpg 184w, https:\/\/dwtoledo.com\/wp-content\/uploads\/2025\/02\/20180325_092502-2-1.jpg 1863w\" sizes=\"(max-width: 1200px) 100vw, 1200px\" \/>\t\t\t\t\t\t<span class=\"info\">\n\t\t\t\t\t\t\t<span class=\"ion ion-ios-plus-empty\"><\/span>\n\t\t\t\t\t\t<\/span>\n\t\t\t\t\t<\/a>\n\t\t\t\t\t\t\t\t\t<\/div>\n\t\t<div class=\"desc\">\n\t\t\t\t\t\t\t<a href=\"https:\/\/dwtoledo.com\/es\/archivo-de-carteras\/sistema-de-comunicacion-viibus-para-personas-con-discapacidad-visual\/\" class=\"name\">ViiBus - Sistema de comunicaci\u00f3n para personas con discapacidad visual<\/a>\n\t\t\t\n\t\t\t\t\t\t\t<div class=\"category\">Personal <\/div>\n\t\t\t\t\t<\/div>\n\n\t\t\t\t<div id=\"popup-225153\" class=\"popup-box mfp-fade mfp-hide\">\n\t\t\t<div class=\"content\">\n\t\t\t\t<div class=\"preloader-popup\">\n\t\t\t\t\t<div class=\"centrize full-width\">\n\t\t\t\t\t\t<div class=\"vertical-center\">\n\t\t\t\t\t\t\t<div class=\"spinner default-circle\"><\/div>\n\t\t\t\t\t\t<\/div>\n\t\t\t\t\t<\/div>\n\t\t\t\t<\/div>\n\t\t\t<\/div>\n\t\t<\/div>\n\t\t\t<\/div>\n<\/div>\n\t\t\t\t<div class=\"clear\"><\/div>\n\t\t\t<\/div>\n\n\t\t\t\n\t\t\t\n\t\t\t\t\t\t<div class=\"bts bts-center\">\n\t\t\t\t<a class=\"lnk button load-more\" href=\"#\">M\u00e1s informaci\u00f3n<\/a>\n\t\t\t<\/div>\n\t\t\t\n\t\t\t\n\t\t\t\n\t\t<\/div>\n\n\t\t\t\t\t\t<\/div>\n\t\t\t\t<\/div>\n\t\t\t\t\t<\/div>\n\t\t<\/div>\n\t\t\t\t\t<\/div>\n\t\t<\/section>\n\t\t\t\t<\/div>","protected":false},"excerpt":{"rendered":"<p>Proyectos Explorar mi cartera: Todo Frontend Backend Mejora de la productividad del soporte de campo con la soluci\u00f3n IRC Backend, Frontend Generaci\u00f3n de subt\u00edtulos TechNexts...<\/p>","protected":false},"author":1,"featured_media":0,"parent":0,"menu_order":0,"comment_status":"closed","ping_status":"closed","template":"template-elementor-builder.php","meta":{"_acf_changed":false,"footnotes":""},"class_list":["post-46","page","type-page","status-publish","hentry"],"acf":[],"_links":{"self":[{"href":"https:\/\/dwtoledo.com\/es\/wp-json\/wp\/v2\/pages\/46","targetHints":{"allow":["GET"]}}],"collection":[{"href":"https:\/\/dwtoledo.com\/es\/wp-json\/wp\/v2\/pages"}],"about":[{"href":"https:\/\/dwtoledo.com\/es\/wp-json\/wp\/v2\/types\/page"}],"author":[{"embeddable":true,"href":"https:\/\/dwtoledo.com\/es\/wp-json\/wp\/v2\/users\/1"}],"replies":[{"embeddable":true,"href":"https:\/\/dwtoledo.com\/es\/wp-json\/wp\/v2\/comments?post=46"}],"version-history":[{"count":11,"href":"https:\/\/dwtoledo.com\/es\/wp-json\/wp\/v2\/pages\/46\/revisions"}],"predecessor-version":[{"id":224998,"href":"https:\/\/dwtoledo.com\/es\/wp-json\/wp\/v2\/pages\/46\/revisions\/224998"}],"wp:attachment":[{"href":"https:\/\/dwtoledo.com\/es\/wp-json\/wp\/v2\/media?parent=46"}],"curies":[{"name":"wp","href":"https:\/\/api.w.org\/{rel}","templated":true}]}}