{"id":40,"date":"2025-02-13T00:00:42","date_gmt":"2025-02-13T05:00:42","guid":{"rendered":"https:\/\/ryancv-demo.bslthemes.com\/?page_id=29"},"modified":"2025-08-19T17:13:46","modified_gmt":"2025-08-19T22:13:46","slug":"home","status":"publish","type":"page","link":"https:\/\/dwtoledo.com\/es\/","title":{"rendered":"Inicio"},"content":{"rendered":"<div data-elementor-type=\"wp-page\" data-elementor-id=\"40\" class=\"elementor elementor-40\" data-elementor-post-type=\"page\">\n\t\t\t\t\t\t<section class=\"elementor-section elementor-top-section elementor-element elementor-element-58408af8 elementor-section-full_width elementor-section-height-default elementor-section-height-default\" data-id=\"58408af8\" data-element_type=\"section\">\n\t\t\t\t\t\t<div class=\"elementor-container elementor-column-gap-custom\">\n\t\t\t\t\t<div class=\"elementor-column elementor-col-100 elementor-top-column elementor-element elementor-element-2eccc1ee\" data-id=\"2eccc1ee\" data-element_type=\"column\">\n\t\t\t<div class=\"elementor-widget-wrap elementor-element-populated\">\n\t\t\t\t\t\t<div class=\"elementor-element elementor-element-23c2d50 elementor-widget__width-initial elementor-widget elementor-widget-ryancv-hero\" data-id=\"23c2d50\" data-element_type=\"widget\" data-widget_type=\"ryancv-hero.default\">\n\t\t\t\t<div class=\"elementor-widget-container\">\n\t\t\t\t\t\n\t\t<!-- Hero -->\n\t\t<div class=\"ar-hero\">\n\t\t\t\t\t\t<div class=\"ar-h-subtitle\">\n\t\t\t\t\t\t\t\t<span class=\"ar-headline\">Hola, soy<\/span>\n\t\t\t\t\t\t\t\t\t\t\t\t<span class=\"ar-headline ar-words-wrapper\">\n\t\t\t\t\t\t\t\t\t\t<span class=\"ar-word is-hidden\">Douglas<\/span>\n\t\t\t\t\t\t\t\t\t\t<span class=\"ar-word is-hidden\">Douglas Wilian<\/span>\n\t\t\t\t\t\t\t\t\t\t<span class=\"ar-word is-hidden\">Douglas Wilian de Toledo<\/span>\n\t\t\t\t\t\t\t\t\t<\/span>\n\t\t\t\t\t\t\t<\/div>\n\t\t\t\t\t\t\t\t\t<h1 class=\"ar-h-title\">\n\t\t\t\t<span >Ingeniero de software con <span class=\"bord\">Angular y React<\/span> experiencia.<\/span>\n\t\t\t<\/h1>\n\t\t\t\t\t\t\t\t\t<div class=\"ar-text\">\n\t\t\t\t<div ><p><strong>M\u00e1s de 2,5 a\u00f1os de experiencia<\/strong> Construyendo aplicaciones web robustas y escalables. Especializado en desarrollo front-end, con una capacidad demostrada para entregar c\u00f3digo de alta calidad y mantenible. Aprovecha una s\u00f3lida formaci\u00f3n en ingenier\u00eda y una experiencia empresarial \u00fanica en tecnolog\u00eda de asistencia para resolver problemas complejos con un enfoque accesible y centrado en el usuario.<\/p><\/div>\n\t\t\t<\/div>\n\t\t\t\t\t<\/div>\n\n\t\t\t\t\t\t<\/div>\n\t\t\t\t<\/div>\n\t\t\t\t\t<\/div>\n\t\t<\/div>\n\t\t\t\t\t<\/div>\n\t\t<\/section>\n\t\t\t\t<section class=\"elementor-section elementor-top-section elementor-element elementor-element-9240a95 elementor-section-full_width elementor-section-height-default elementor-section-height-default\" data-id=\"9240a95\" data-element_type=\"section\">\n\t\t\t\t\t\t<div class=\"elementor-container elementor-column-gap-custom\">\n\t\t\t\t\t<div class=\"elementor-column elementor-col-33 elementor-top-column elementor-element elementor-element-56267d4\" data-id=\"56267d4\" data-element_type=\"column\">\n\t\t\t<div class=\"elementor-widget-wrap elementor-element-populated\">\n\t\t\t\t\t\t<div class=\"elementor-element elementor-element-79a9091 elementor-widget elementor-widget-ryancv-numbers\" data-id=\"79a9091\" data-element_type=\"widget\" data-widget_type=\"ryancv-numbers.default\">\n\t\t\t\t<div class=\"elementor-widget-container\">\n\t\t\t\t\t\n\t\t<!-- Numbers -->\n\t\t<div class=\"ar-stats\">\n\t\t\t\t\t\t<h6 class=\"num\">\n\t\t\t\t<span >2.5<\/span>\n\t\t\t<\/h6>\n\t\t\t\t\t\t\t\t\t<p>\n\t\t\t\t<span >a\u00f1os como Ingeniero de Software<\/span>\n\t\t\t<\/p>\n\t\t\t\t\t<\/div>\n\n\t\t\t\t\t\t<\/div>\n\t\t\t\t<\/div>\n\t\t\t\t\t<\/div>\n\t\t<\/div>\n\t\t\t\t<div class=\"elementor-column elementor-col-33 elementor-top-column elementor-element elementor-element-8322da0\" data-id=\"8322da0\" data-element_type=\"column\">\n\t\t\t<div class=\"elementor-widget-wrap elementor-element-populated\">\n\t\t\t\t\t\t<div class=\"elementor-element elementor-element-e4e9a16 elementor-widget elementor-widget-ryancv-numbers\" data-id=\"e4e9a16\" data-element_type=\"widget\" data-widget_type=\"ryancv-numbers.default\">\n\t\t\t\t<div class=\"elementor-widget-container\">\n\t\t\t\t\t\n\t\t<!-- Numbers -->\n\t\t<div class=\"ar-stats\">\n\t\t\t\t\t\t<h6 class=\"num\">\n\t\t\t\t<span >5+<\/span>\n\t\t\t<\/h6>\n\t\t\t\t\t\t\t\t\t<p>\n\t\t\t\t<span >a\u00f1os como Ingeniero de Fabricaci\u00f3n<\/span>\n\t\t\t<\/p>\n\t\t\t\t\t<\/div>\n\n\t\t\t\t\t\t<\/div>\n\t\t\t\t<\/div>\n\t\t\t\t\t<\/div>\n\t\t<\/div>\n\t\t\t\t<div class=\"elementor-column elementor-col-33 elementor-top-column elementor-element elementor-element-d747236\" data-id=\"d747236\" data-element_type=\"column\">\n\t\t\t<div class=\"elementor-widget-wrap elementor-element-populated\">\n\t\t\t\t\t\t<div class=\"elementor-element elementor-element-7af10f2 elementor-widget elementor-widget-ryancv-numbers\" data-id=\"7af10f2\" data-element_type=\"widget\" data-widget_type=\"ryancv-numbers.default\">\n\t\t\t\t<div class=\"elementor-widget-container\">\n\t\t\t\t\t\n\t\t<!-- Numbers -->\n\t\t<div class=\"ar-stats\">\n\t\t\t\t\t\t<h6 class=\"num\">\n\t\t\t\t<span >2+<\/span>\n\t\t\t<\/h6>\n\t\t\t\t\t\t\t\t\t<p>\n\t\t\t\t<span >a\u00f1os como emprendedor<\/span>\n\t\t\t<\/p>\n\t\t\t\t\t<\/div>\n\n\t\t\t\t\t\t<\/div>\n\t\t\t\t<\/div>\n\t\t\t\t\t<\/div>\n\t\t<\/div>\n\t\t\t\t\t<\/div>\n\t\t<\/section>\n\t\t\t\t<\/div>","protected":false},"excerpt":{"rendered":"<p>Hola, soy Douglas Douglas Wilian Douglas Wilian de Toledo Ingeniero de Software con experiencia en Angular y React. 2.5+ a\u00f1os de dedicaci\u00f3n...<\/p>","protected":false},"author":1,"featured_media":0,"parent":0,"menu_order":0,"comment_status":"closed","ping_status":"closed","template":"template-elementor-builder.php","meta":{"_acf_changed":false,"footnotes":""},"class_list":["post-40","page","type-page","status-publish","hentry"],"acf":[],"_links":{"self":[{"href":"https:\/\/dwtoledo.com\/es\/wp-json\/wp\/v2\/pages\/40","targetHints":{"allow":["GET"]}}],"collection":[{"href":"https:\/\/dwtoledo.com\/es\/wp-json\/wp\/v2\/pages"}],"about":[{"href":"https:\/\/dwtoledo.com\/es\/wp-json\/wp\/v2\/types\/page"}],"author":[{"embeddable":true,"href":"https:\/\/dwtoledo.com\/es\/wp-json\/wp\/v2\/users\/1"}],"replies":[{"embeddable":true,"href":"https:\/\/dwtoledo.com\/es\/wp-json\/wp\/v2\/comments?post=40"}],"version-history":[{"count":36,"href":"https:\/\/dwtoledo.com\/es\/wp-json\/wp\/v2\/pages\/40\/revisions"}],"predecessor-version":[{"id":225450,"href":"https:\/\/dwtoledo.com\/es\/wp-json\/wp\/v2\/pages\/40\/revisions\/225450"}],"wp:attachment":[{"href":"https:\/\/dwtoledo.com\/es\/wp-json\/wp\/v2\/media?parent=40"}],"curies":[{"name":"wp","href":"https:\/\/api.w.org\/{rel}","templated":true}]}}